{"id":1299,"date":"2018-02-14T10:09:37","date_gmt":"2018-02-14T12:09:37","guid":{"rendered":"https:\/\/elessi.nasatheme.com\/?post_type=product&#038;p=1299"},"modified":"2026-03-17T18:03:48","modified_gmt":"2026-03-17T21:03:48","slug":"cachaca-kirico-prata","status":"publish","type":"product","link":"https:\/\/cachacakirico.com.br\/es\/product\/cachaca-kirico-prata\/","title":{"rendered":"Cacha\u00e7a Kiric\u00f3\u00a0Prata"},"content":{"rendered":"","protected":false},"excerpt":{"rendered":"<p>Produto destilado do mosto fermentado de cana de a\u00e7\u00facar, com gradua\u00e7\u00e3o<br \/>\nalco\u00f3lica de 38%, armazenada em reservat\u00f3rio de inox, por per\u00edodo superior a<br \/>\n180 dias, sabor frutado, adocicado de cana e acidez equilibrada.<\/p>","protected":false},"featured_media":4267,"template":"","meta":[],"product_brand":[],"product_cat":[195],"product_tag":[],"class_list":{"0":"post-1299","1":"product","2":"type-product","3":"status-publish","4":"has-post-thumbnail","6":"product_cat-cachacas","8":"first","9":"instock","10":"featured","11":"shipping-taxable","12":"purchasable","13":"product-type-variable","14":"has-default-attributes"},"_links":{"self":[{"href":"https:\/\/cachacakirico.com.br\/es\/wp-json\/wp\/v2\/product\/1299","targetHints":{"allow":["GET"]}}],"collection":[{"href":"https:\/\/cachacakirico.com.br\/es\/wp-json\/wp\/v2\/product"}],"about":[{"href":"https:\/\/cachacakirico.com.br\/es\/wp-json\/wp\/v2\/types\/product"}],"wp:featuredmedia":[{"embeddable":true,"href":"https:\/\/cachacakirico.com.br\/es\/wp-json\/wp\/v2\/media\/4267"}],"wp:attachment":[{"href":"https:\/\/cachacakirico.com.br\/es\/wp-json\/wp\/v2\/media?parent=1299"}],"wp:term":[{"taxonomy":"product_brand","embeddable":true,"href":"https:\/\/cachacakirico.com.br\/es\/wp-json\/wp\/v2\/product_brand?post=1299"},{"taxonomy":"product_cat","embeddable":true,"href":"https:\/\/cachacakirico.com.br\/es\/wp-json\/wp\/v2\/product_cat?post=1299"},{"taxonomy":"product_tag","embeddable":true,"href":"https:\/\/cachacakirico.com.br\/es\/wp-json\/wp\/v2\/product_tag?post=1299"}],"curies":[{"name":"wp","href":"https:\/\/api.w.org\/{rel}","templated":true}]}}