{"id":1283,"date":"2018-02-14T10:01:39","date_gmt":"2018-02-14T12:01:39","guid":{"rendered":"https:\/\/elessi.nasatheme.com\/?post_type=product&#038;p=1283"},"modified":"2024-04-02T11:18:18","modified_gmt":"2024-04-02T14:18:18","slug":"cachaca-kirico-armazenada-em-barril-de-amburana","status":"publish","type":"product","link":"https:\/\/cachacakirico.com.br\/es\/product\/cachaca-kirico-armazenada-em-barril-de-amburana\/","title":{"rendered":"Cacha\u00e7a Kiric\u00f3 Armazenada em barril de Amburana"},"content":{"rendered":"","protected":false},"excerpt":{"rendered":"<p>Com teor alco\u00f3lico de 38%, armazenada em barril de Amburana, por um<br \/>\nper\u00edodo inferior a um ano, com cor amarelo ouro intenso, paladar amadeirado<br \/>\ncaracter\u00edstico, sobressaem as notas de canela e baunilha, com um final notas<br \/>\nsuaves de especiarias e um leve adocicado.<\/p>","protected":false},"featured_media":4269,"template":"","meta":[],"product_brand":[],"product_cat":[195],"product_tag":[],"class_list":{"0":"post-1283","1":"product","2":"type-product","3":"status-publish","4":"has-post-thumbnail","6":"product_cat-cachacas","8":"first","9":"instock","10":"featured","11":"shipping-taxable","12":"purchasable","13":"product-type-variable","14":"has-default-attributes"},"_links":{"self":[{"href":"https:\/\/cachacakirico.com.br\/es\/wp-json\/wp\/v2\/product\/1283","targetHints":{"allow":["GET"]}}],"collection":[{"href":"https:\/\/cachacakirico.com.br\/es\/wp-json\/wp\/v2\/product"}],"about":[{"href":"https:\/\/cachacakirico.com.br\/es\/wp-json\/wp\/v2\/types\/product"}],"wp:featuredmedia":[{"embeddable":true,"href":"https:\/\/cachacakirico.com.br\/es\/wp-json\/wp\/v2\/media\/4269"}],"wp:attachment":[{"href":"https:\/\/cachacakirico.com.br\/es\/wp-json\/wp\/v2\/media?parent=1283"}],"wp:term":[{"taxonomy":"product_brand","embeddable":true,"href":"https:\/\/cachacakirico.com.br\/es\/wp-json\/wp\/v2\/product_brand?post=1283"},{"taxonomy":"product_cat","embeddable":true,"href":"https:\/\/cachacakirico.com.br\/es\/wp-json\/wp\/v2\/product_cat?post=1283"},{"taxonomy":"product_tag","embeddable":true,"href":"https:\/\/cachacakirico.com.br\/es\/wp-json\/wp\/v2\/product_tag?post=1283"}],"curies":[{"name":"wp","href":"https:\/\/api.w.org\/{rel}","templated":true}]}}