{"id":3699,"date":"2021-12-13T18:16:39","date_gmt":"2021-12-13T21:16:39","guid":{"rendered":""},"modified":"2022-02-24T11:46:17","modified_gmt":"2022-02-24T14:46:17","slug":"sobre","status":"publish","type":"page","link":"https:\/\/cachacakirico.com.br\/es\/sobre\/","title":{"rendered":"Sobre"},"content":{"rendered":"<div data-elementor-type=\"wp-page\" data-elementor-id=\"3699\" class=\"elementor elementor-3699\" data-elementor-post-type=\"page\">\n\t\t\t\t\t\t<section class=\"elementor-section elementor-top-section elementor-element elementor-element-5158b412 elementor-section-boxed elementor-section-height-default elementor-section-height-default\" data-id=\"5158b412\" data-element_type=\"section\">\n\t\t\t\t\t\t<div class=\"elementor-container elementor-column-gap-default\">\n\t\t\t\t\t<div class=\"elementor-column elementor-col-33 elementor-top-column elementor-element elementor-element-11875c9\" data-id=\"11875c9\" data-element_type=\"column\">\n\t\t\t<div class=\"elementor-widget-wrap elementor-element-populated\">\n\t\t\t\t\t\t<div class=\"elementor-element elementor-element-27d8ef86 elementor-widget elementor-widget-heading\" data-id=\"27d8ef86\" data-element_type=\"widget\" data-widget_type=\"heading.default\">\n\t\t\t\t<div class=\"elementor-widget-container\">\n\t\t\t\t\t<h3 class=\"elementor-heading-title elementor-size-default\">Historia<\/h3>\t\t\t\t<\/div>\n\t\t\t\t<\/div>\n\t\t\t\t<div class=\"elementor-element elementor-element-6c441c0 elementor-widget elementor-widget-text-editor\" data-id=\"6c441c0\" data-element_type=\"widget\" data-widget_type=\"text-editor.default\">\n\t\t\t\t<div class=\"elementor-widget-container\">\n\t\t\t\t\t\t\t\t\t<p>En 2015, con deseo de obtener  una cachaza de excelencia, el ingeniero qu\u00edmico Hugo Bezerra produjo en la hacienda Andai\u00e1, despu\u00e9s de varios experimentos, el primer prototipo Matense de destilaci\u00f3n de la cachaza.<\/p><p>Estudioso y con la intenci\u00f3n de producir una cachaza con la pureza de los sabores originales de ca\u00f1a de az\u00facar, manteni\u00e9ndolo sin aromas no deseados, consigui\u00f3, con tecnolog\u00eda propia, obtener una cachaza que he agradado a familiares, amigo y visitantes de la hacienda.<\/p><p>La alta demanda ha estimulado su producci\u00f3n en escala artesanal, nac\u00eda entonces, la Cachaza Kiric\u00f3 que hoy est\u00e1 presente en las principales estanter\u00edas del pa\u00eds, con perspectivas internacionales a corto plazo.<\/p>\t\t\t\t\t\t\t\t<\/div>\n\t\t\t\t<\/div>\n\t\t\t\t\t<\/div>\n\t\t<\/div>\n\t\t\t\t<div class=\"elementor-column elementor-col-66 elementor-top-column elementor-element elementor-element-4b2de284\" data-id=\"4b2de284\" data-element_type=\"column\">\n\t\t\t<div class=\"elementor-widget-wrap elementor-element-populated\">\n\t\t\t\t\t\t<div class=\"elementor-element elementor-element-bcfa403 elementor-arrows-position-inside elementor-pagination-position-outside elementor-widget elementor-widget-image-carousel\" data-id=\"bcfa403\" data-element_type=\"widget\" data-settings=\"{&quot;slides_to_show&quot;:&quot;1&quot;,&quot;navigation&quot;:&quot;both&quot;,&quot;autoplay&quot;:&quot;yes&quot;,&quot;pause_on_hover&quot;:&quot;yes&quot;,&quot;pause_on_interaction&quot;:&quot;yes&quot;,&quot;autoplay_speed&quot;:5000,&quot;infinite&quot;:&quot;yes&quot;,&quot;effect&quot;:&quot;slide&quot;,&quot;speed&quot;:500}\" data-widget_type=\"image-carousel.default\">\n\t\t\t\t<div class=\"elementor-widget-container\">\n\t\t\t\t\t\t\t<div class=\"elementor-image-carousel-wrapper swiper\" role=\"region\" aria-roledescription=\"carousel\" aria-label=\"Carrusel de im\u00e1genes\" dir=\"ltr\">\n\t\t\t<div class=\"elementor-image-carousel swiper-wrapper\" aria-live=\"off\">\n\t\t\t\t\t\t\t\t<div class=\"swiper-slide\" role=\"group\" aria-roledescription=\"slide\" aria-label=\"1 de 4\"><figure class=\"swiper-slide-inner\"><img decoding=\"async\" class=\"swiper-slide-image\" src=\"https:\/\/cachacakirico.com.br\/wp-content\/uploads\/2022\/01\/kurico-5-768x512.jpg\" alt=\"kurico-5\" \/><\/figure><\/div><div class=\"swiper-slide\" role=\"group\" aria-roledescription=\"slide\" aria-label=\"2 de 4\"><figure class=\"swiper-slide-inner\"><img decoding=\"async\" class=\"swiper-slide-image\" src=\"https:\/\/cachacakirico.com.br\/wp-content\/uploads\/2022\/01\/kurico-1-768x512.jpg\" alt=\"kurico-1\" \/><\/figure><\/div><div class=\"swiper-slide\" role=\"group\" aria-roledescription=\"slide\" aria-label=\"3 de 4\"><figure class=\"swiper-slide-inner\"><img decoding=\"async\" class=\"swiper-slide-image\" src=\"https:\/\/cachacakirico.com.br\/wp-content\/uploads\/2022\/01\/kurico-2-768x512.jpg\" alt=\"kurico-2\" \/><\/figure><\/div><div class=\"swiper-slide\" role=\"group\" aria-roledescription=\"slide\" aria-label=\"4 de 4\"><figure class=\"swiper-slide-inner\"><img decoding=\"async\" class=\"swiper-slide-image\" src=\"https:\/\/cachacakirico.com.br\/wp-content\/uploads\/2022\/02\/1255-768x512.jpg\" alt=\"1255\" \/><\/figure><\/div>\t\t\t<\/div>\n\t\t\t\t\t\t\t\t\t\t\t\t<div class=\"elementor-swiper-button elementor-swiper-button-prev\" role=\"button\" tabindex=\"0\">\n\t\t\t\t\t\t<i aria-hidden=\"true\" class=\"eicon-chevron-left\"><\/i>\t\t\t\t\t<\/div>\n\t\t\t\t\t<div class=\"elementor-swiper-button elementor-swiper-button-next\" role=\"button\" tabindex=\"0\">\n\t\t\t\t\t\t<i aria-hidden=\"true\" class=\"eicon-chevron-right\"><\/i>\t\t\t\t\t<\/div>\n\t\t\t\t\n\t\t\t\t\t\t\t\t\t<div class=\"swiper-pagination\"><\/div>\n\t\t\t\t\t\t\t\t\t<\/div>\n\t\t\t\t\t\t<\/div>\n\t\t\t\t<\/div>\n\t\t\t\t\t<\/div>\n\t\t<\/div>\n\t\t\t\t\t<\/div>\n\t\t<\/section>\n\t\t\t\t<section class=\"elementor-section elementor-top-section elementor-element elementor-element-7e989cf elementor-section-boxed elementor-section-height-default elementor-section-height-default\" data-id=\"7e989cf\" data-element_type=\"section\">\n\t\t\t\t\t\t<div class=\"elementor-container elementor-column-gap-default\">\n\t\t\t\t\t<div class=\"elementor-column elementor-col-100 elementor-top-column elementor-element elementor-element-528e768\" data-id=\"528e768\" data-element_type=\"column\">\n\t\t\t<div class=\"elementor-widget-wrap elementor-element-populated\">\n\t\t\t\t\t\t<div class=\"elementor-element elementor-element-d36eb7f elementor-widget elementor-widget-heading\" data-id=\"d36eb7f\" data-element_type=\"widget\" data-widget_type=\"heading.default\">\n\t\t\t\t<div class=\"elementor-widget-container\">\n\t\t\t\t\t<h3 class=\"elementor-heading-title elementor-size-default\">Kiric\u00f3 tambi\u00e9n presente en el Centro Hist\u00f3rico de la capital bahiana<\/h3>\t\t\t\t<\/div>\n\t\t\t\t<\/div>\n\t\t\t\t<div class=\"elementor-element elementor-element-a436fe4 elementor-widget elementor-widget-text-editor\" data-id=\"a436fe4\" data-element_type=\"widget\" data-widget_type=\"text-editor.default\">\n\t\t\t\t<div class=\"elementor-widget-container\">\n\t\t\t\t\t\t\t\t\t<p>El centro Hist\u00f3rico recibi\u00f3 a Kiric\u00f3 con los brazos abiertos , la cachaza que es la cara de Bahia. Presente en varios puntos tur\u00edsticos de la ciudad, como, Pelourinho, Mercado Modelo, Rio Vermelho, Itapu\u00e3 y otros m\u00e1s. La cachaza ya ha ganado todos los extranjeros que han experimentado y, poco a poco, conquistaron toda la ciudad de Salvador.<br \/><br \/>Quien experimenta la cachaza Kiric\u00f3 est\u00e1 seguro de que est\u00e1 consumiendo un producto de la m\u00e1s alta calidad y que sigue estrictas normas t\u00e9cnicas desde el plant\u00edo de la ca\u00f1a de az\u00facar hasta el momento del envase, con aromas y sabores caracter\u00edsticos de la ca\u00f1a de az\u00facar<br \/><br \/>Si a\u00fan no lo has probado, \u00a1una oportunidad es suficiente para ser sorprendido!<\/p>\t\t\t\t\t\t\t\t<\/div>\n\t\t\t\t<\/div>\n\t\t\t\t\t<\/div>\n\t\t<\/div>\n\t\t\t\t\t<\/div>\n\t\t<\/section>\n\t\t\t\t<section class=\"elementor-section elementor-top-section elementor-element elementor-element-06d66a4 elementor-section-boxed elementor-section-height-default elementor-section-height-default\" data-id=\"06d66a4\" data-element_type=\"section\">\n\t\t\t\t\t\t<div class=\"elementor-container elementor-column-gap-default\">\n\t\t\t\t\t<div class=\"elementor-column elementor-col-100 elementor-top-column elementor-element elementor-element-e381c75\" data-id=\"e381c75\" data-element_type=\"column\">\n\t\t\t<div class=\"elementor-widget-wrap elementor-element-populated\">\n\t\t\t\t\t\t<div class=\"elementor-element elementor-element-b83478b elementor-widget elementor-widget-heading\" data-id=\"b83478b\" data-element_type=\"widget\" data-widget_type=\"heading.default\">\n\t\t\t\t<div class=\"elementor-widget-container\">\n\t\t\t\t\t<h3 class=\"elementor-heading-title elementor-size-default\">Nuestro alambique siempre de portas abiertas para visitantes de toda Bahia<\/h3>\t\t\t\t<\/div>\n\t\t\t\t<\/div>\n\t\t\t\t<div class=\"elementor-element elementor-element-7c088c4 elementor-widget elementor-widget-text-editor\" data-id=\"7c088c4\" data-element_type=\"widget\" data-widget_type=\"text-editor.default\">\n\t\t\t\t<div class=\"elementor-widget-container\">\n\t\t\t\t\t\t\t\t\t<p>Abrimos la puerta de nuestro alambique para la visita de los participantes del evento de la @literaturacomcachaca en el restaurant @engenhovelhoallagoinhas. Productores de cachaza bahiana tambi\u00e9n han participado, representantes del gobierno y representantes de la C\u00e1mara sectorial de la ca\u00f1a de az\u00facar, como continuaci\u00f3n del evento de la @literaturacomcachaca que ocurri\u00f3 en Alagoinhas. \nEn ese encontr\u00f3 compartimos de nuestra historia y presentamos nuestro sitio para la comunidad cachacista, todos pudieran conocer el primer prototipo de destilaci\u00f3n de la Cachaza Kiric\u00f3, nuestra historia, nuestra origen, la infraestructura, la plantaci\u00f3n de ca\u00f1a de az\u00facar, la sala de montaje, de fermentaci\u00f3n, destilaci\u00f3n, almacenaje y por fin la sala de envase.  Adem\u00e1s de contar c\u00f3mo surgi\u00f3 nuestro sue\u00f1o de hacer una cachaza de excelencia y valorar este producto \u00fanico en Brasil. Despu\u00e9s del tour por el Alambique y por las haciendas Andai\u00e1\/Janduim, preparamos un delicioso almuerzo y mucha cachaza de Kiric\u00f3 para los participantes celebraren y disfrutaren la Hacienda Janduim.<\/p>\t\t\t\t\t\t\t\t<\/div>\n\t\t\t\t<\/div>\n\t\t\t\t\t<\/div>\n\t\t<\/div>\n\t\t\t\t\t<\/div>\n\t\t<\/section>\n\t\t\t\t<section class=\"elementor-section elementor-top-section elementor-element elementor-element-93b1097 elementor-section-boxed elementor-section-height-default elementor-section-height-default\" data-id=\"93b1097\" data-element_type=\"section\">\n\t\t\t\t\t\t<div class=\"elementor-container elementor-column-gap-default\">\n\t\t\t\t\t<div class=\"elementor-column elementor-col-100 elementor-top-column elementor-element elementor-element-09d1339\" data-id=\"09d1339\" data-element_type=\"column\">\n\t\t\t<div class=\"elementor-widget-wrap elementor-element-populated\">\n\t\t\t\t\t\t<div class=\"elementor-element elementor-element-69332fe elementor-widget elementor-widget-heading\" data-id=\"69332fe\" data-element_type=\"widget\" data-widget_type=\"heading.default\">\n\t\t\t\t<div class=\"elementor-widget-container\">\n\t\t\t\t\t<h3 class=\"elementor-heading-title elementor-size-default\">Curso de capitaci\u00f3n de producci\u00f3n optimizada de cachaza de alambique<\/h3>\t\t\t\t<\/div>\n\t\t\t\t<\/div>\n\t\t\t\t<div class=\"elementor-element elementor-element-b5ea4fa elementor-widget elementor-widget-text-editor\" data-id=\"b5ea4fa\" data-element_type=\"widget\" data-widget_type=\"text-editor.default\">\n\t\t\t\t<div class=\"elementor-widget-container\">\n\t\t\t\t\t\t\t\t\t<p>Pensando en mejorar a\u00fan m\u00e1s nuestro proceso de producci\u00f3n y centr\u00e1ndonos en Cachaza de Alambrique, que es un producto \u00fanico, peculiar y de mucha sensibilidad, hemos participado del curso de \u201cProducci\u00f3n optimizada de cachaza de Alambique\u201d ministrado por el profesor Benjamim de Almeida Mendes. La realizaci\u00f3n ocurri\u00f3 del 02 al 04\/03 en la Hacienda Vaccaro, en el municipio de Rio de Contas \u2013 BA.<\/p>\t\t\t\t\t\t\t\t<\/div>\n\t\t\t\t<\/div>\n\t\t\t\t\t<\/div>\n\t\t<\/div>\n\t\t\t\t\t<\/div>\n\t\t<\/section>\n\t\t\t\t<\/div>","protected":false},"excerpt":{"rendered":"<p>Hist\u00f3ria Em 2015, com desejo de obter uma cacha\u00e7a de excel\u00eancia, o engenheiro qu\u00edmico Hugo Bezerra produziu na fazenda Andai\u00e1, ap\u00f3s repetidos experimentos, o primeiro prot\u00f3tipo matense de destila\u00e7\u00e3o da cacha\u00e7a. Estudioso e pretendendo produzir uma cacha\u00e7a com a pureza dos sabores originais da cana de a\u00e7\u00facar, mantendo-a isento de aromas indesej\u00e1veis, conseguiu, com tecnologia [&hellip;]<\/p>","protected":false},"author":1,"featured_media":0,"parent":0,"menu_order":10,"comment_status":"closed","ping_status":"closed","template":"","meta":{"footnotes":""},"class_list":["post-3699","page","type-page","status-publish","hentry"],"_links":{"self":[{"href":"https:\/\/cachacakirico.com.br\/es\/wp-json\/wp\/v2\/pages\/3699","targetHints":{"allow":["GET"]}}],"collection":[{"href":"https:\/\/cachacakirico.com.br\/es\/wp-json\/wp\/v2\/pages"}],"about":[{"href":"https:\/\/cachacakirico.com.br\/es\/wp-json\/wp\/v2\/types\/page"}],"author":[{"embeddable":true,"href":"https:\/\/cachacakirico.com.br\/es\/wp-json\/wp\/v2\/users\/1"}],"replies":[{"embeddable":true,"href":"https:\/\/cachacakirico.com.br\/es\/wp-json\/wp\/v2\/comments?post=3699"}],"version-history":[{"count":25,"href":"https:\/\/cachacakirico.com.br\/es\/wp-json\/wp\/v2\/pages\/3699\/revisions"}],"predecessor-version":[{"id":4028,"href":"https:\/\/cachacakirico.com.br\/es\/wp-json\/wp\/v2\/pages\/3699\/revisions\/4028"}],"wp:attachment":[{"href":"https:\/\/cachacakirico.com.br\/es\/wp-json\/wp\/v2\/media?parent=3699"}],"curies":[{"name":"wp","href":"https:\/\/api.w.org\/{rel}","templated":true}]}}