{"id":1278,"date":"2018-02-14T09:59:05","date_gmt":"2018-02-14T11:59:05","guid":{"rendered":"https:\/\/elessi.nasatheme.com\/?post_type=product&#038;p=1278"},"modified":"2026-03-19T15:33:07","modified_gmt":"2026-03-19T18:33:07","slug":"cachaca-kirico-armazenada-em-barril-de-jequitiba","status":"publish","type":"product","link":"https:\/\/cachacakirico.com.br\/en\/product\/cachaca-kirico-armazenada-em-barril-de-jequitiba\/","title":{"rendered":"Cacha\u00e7a Kiric\u00f3 Armazenada em barril de Jequitib\u00e1"},"content":{"rendered":"","protected":false},"excerpt":{"rendered":"<p>Com teor alco\u00f3lico de 38%, armazenada em barril de Jequitib\u00e1, por um per\u00edodo<br \/>\ninferior a um ano, com cor intensa, paladar amadeirado caracter\u00edstico intenso,<br \/>\nsobressaem as notas de canela e baunilha, com um final notas suaves de<br \/>\nespeciarias e um leve adocicado.<\/p>","protected":false},"featured_media":4270,"template":"","meta":[],"product_brand":[],"product_cat":[195],"product_tag":[],"class_list":{"0":"post-1278","1":"product","2":"type-product","3":"status-publish","4":"has-post-thumbnail","6":"product_cat-cachacas","8":"first","9":"instock","10":"featured","11":"shipping-taxable","12":"purchasable","13":"product-type-variable","14":"has-default-attributes"},"_links":{"self":[{"href":"https:\/\/cachacakirico.com.br\/en\/wp-json\/wp\/v2\/product\/1278","targetHints":{"allow":["GET"]}}],"collection":[{"href":"https:\/\/cachacakirico.com.br\/en\/wp-json\/wp\/v2\/product"}],"about":[{"href":"https:\/\/cachacakirico.com.br\/en\/wp-json\/wp\/v2\/types\/product"}],"wp:featuredmedia":[{"embeddable":true,"href":"https:\/\/cachacakirico.com.br\/en\/wp-json\/wp\/v2\/media\/4270"}],"wp:attachment":[{"href":"https:\/\/cachacakirico.com.br\/en\/wp-json\/wp\/v2\/media?parent=1278"}],"wp:term":[{"taxonomy":"product_brand","embeddable":true,"href":"https:\/\/cachacakirico.com.br\/en\/wp-json\/wp\/v2\/product_brand?post=1278"},{"taxonomy":"product_cat","embeddable":true,"href":"https:\/\/cachacakirico.com.br\/en\/wp-json\/wp\/v2\/product_cat?post=1278"},{"taxonomy":"product_tag","embeddable":true,"href":"https:\/\/cachacakirico.com.br\/en\/wp-json\/wp\/v2\/product_tag?post=1278"}],"curies":[{"name":"wp","href":"https:\/\/api.w.org\/{rel}","templated":true}]}}